{"id":941,"date":"2024-10-17T15:49:26","date_gmt":"2024-10-17T15:49:26","guid":{"rendered":"https:\/\/openshops.rkinformatika.online\/?page_id=941"},"modified":"2025-03-27T17:10:48","modified_gmt":"2025-03-27T17:10:48","slug":"inicio","status":"publish","type":"page","link":"https:\/\/decoracionesrafa.com\/eu\/","title":{"rendered":"HASIERA"},"content":{"rendered":"<div data-elementor-type=\"wp-page\" data-elementor-id=\"941\" class=\"elementor elementor-941\" data-elementor-post-type=\"page\">\n\t\t\t\t\t\t<section class=\"elementor-section elementor-top-section elementor-element elementor-element-2ceda46f elementor-section-height-min-height elementor-section-boxed elementor-section-height-default elementor-section-items-middle\" data-id=\"2ceda46f\" data-element_type=\"section\" data-settings=\"{&quot;background_background&quot;:&quot;classic&quot;}\">\n\t\t\t\t\t\t\t<div class=\"elementor-background-overlay\"><\/div>\n\t\t\t\t\t\t\t<div class=\"elementor-container elementor-column-gap-no\">\n\t\t\t\t\t<div class=\"elementor-column elementor-col-100 elementor-top-column elementor-element elementor-element-21c58e5c\" data-id=\"21c58e5c\" data-element_type=\"column\">\n\t\t\t<div class=\"elementor-widget-wrap elementor-element-populated\">\n\t\t\t\t\t\t<div class=\"elementor-element elementor-element-42f39f1c elementor-widget-tablet__width-initial elementor-invisible elementor-widget elementor-widget-heading\" data-id=\"42f39f1c\" data-element_type=\"widget\" data-settings=\"{&quot;_animation&quot;:&quot;zoomIn&quot;}\" data-widget_type=\"heading.default\">\n\t\t\t\t<div class=\"elementor-widget-container\">\n\t\t\t\t\t<h2 class=\"elementor-heading-title elementor-size-default\">Ongi etorri<br>Dekorazioak Rafa<\/h2>\t\t\t\t<\/div>\n\t\t\t\t<\/div>\n\t\t\t\t\t<\/div>\n\t\t<\/div>\n\t\t\t\t\t<\/div>\n\t\t<\/section>\n\t\t<div class=\"elementor-element elementor-element-0ca6681 e-flex e-con-boxed e-con e-parent\" data-id=\"0ca6681\" data-element_type=\"container\">\n\t\t\t\t\t<div class=\"e-con-inner\">\n\t\t<div class=\"elementor-element elementor-element-de9216f e-flex e-con-boxed e-con e-child\" data-id=\"de9216f\" data-element_type=\"container\">\n\t\t\t\t\t<div class=\"e-con-inner\">\n\t\t\t\t<div class=\"elementor-element elementor-element-b55af0c elementor-widget elementor-widget-heading\" data-id=\"b55af0c\" data-element_type=\"widget\" data-widget_type=\"heading.default\">\n\t\t\t\t<div class=\"elementor-widget-container\">\n\t\t\t\t\t<h2 class=\"elementor-heading-title elementor-size-default\">guri buruz<\/h2>\t\t\t\t<\/div>\n\t\t\t\t<\/div>\n\t\t\t\t<div class=\"elementor-element elementor-element-caecb68 elementor-widget__width-initial elementor-widget-tablet__width-initial elementor-widget-mobile__width-initial elementor-widget elementor-widget-text-editor\" data-id=\"caecb68\" data-element_type=\"widget\" data-widget_type=\"text-editor.default\">\n\t\t\t\t<div class=\"elementor-widget-container\">\n\t\t\t\t\t\t\t\t\t<p class=\"\" data-start=\"95\" data-end=\"376\"><strong data-start=\"0\" data-end=\"21\" data-is-only-node=\"\">Dekorazioak Rafa<\/strong> sektorean 40 urte baino gehiagoko esperientzia duen enpresa familiarra da. Gure gurasoek sortua, gaur egun konpromiso eta dedikazio berarekin jarraitzen dugu haren ondarea. Anaiak eta biok gure bezeroei hasieratik bereizgarri izan dugun kalitatea eta lan ona eskaintzen jarraitzen dugu. Proiektu bakoitzarekin, tradizioa bizirik mantentzen dugu, joera eta berrikuntza berriak txertatzen ditugun bitartean, beti zerbitzurik onena emateko. ...<\/p><p class=\"\" data-start=\"696\" data-end=\"928\">\u00a0<\/p>\t\t\t\t\t\t\t\t<\/div>\n\t\t\t\t<\/div>\n\t\t\t\t<div class=\"elementor-element elementor-element-dc261ff elementor-align-left elementor-invisible elementor-widget elementor-widget-button\" data-id=\"dc261ff\" data-element_type=\"widget\" data-settings=\"{&quot;_animation&quot;:&quot;zoomIn&quot;}\" data-widget_type=\"button.default\">\n\t\t\t\t<div class=\"elementor-widget-container\">\n\t\t\t\t\t\t\t\t\t<div class=\"elementor-button-wrapper\">\n\t\t\t\t\t<a class=\"elementor-button elementor-button-link elementor-size-sm elementor-animation-hang\" href=\"https:\/\/decoracionesrafa.com\/eu\/servicios\/\">\n\t\t\t\t\t\t<span class=\"elementor-button-content-wrapper\">\n\t\t\t\t\t\t\t\t\t<span class=\"elementor-button-text\">PRODUKTUAK<\/span>\n\t\t\t\t\t<\/span>\n\t\t\t\t\t<\/a>\n\t\t\t\t<\/div>\n\t\t\t\t\t\t\t\t<\/div>\n\t\t\t\t<\/div>\n\t\t\t\t\t<\/div>\n\t\t\t\t<\/div>\n\t\t<div class=\"elementor-element elementor-element-220851e e-flex e-con-boxed e-con e-child\" data-id=\"220851e\" data-element_type=\"container\">\n\t\t\t\t\t<div class=\"e-con-inner\">\n\t\t\t\t<div class=\"elementor-element elementor-element-945ed13 elementor-widget elementor-widget-image\" data-id=\"945ed13\" data-element_type=\"widget\" data-widget_type=\"image.default\">\n\t\t\t\t<div class=\"elementor-widget-container\">\n\t\t\t\t\t\t\t\t\t\t\t\t\t\t\t<img fetchpriority=\"high\" decoding=\"async\" width=\"800\" height=\"532\" src=\"https:\/\/decoracionesrafa.com\/wp-content\/uploads\/2025\/03\/2149133983-1024x681.jpg\" class=\"attachment-large size-large wp-image-2375\" alt=\"\" srcset=\"https:\/\/decoracionesrafa.com\/wp-content\/uploads\/2025\/03\/2149133983-1024x681.jpg 1024w, https:\/\/decoracionesrafa.com\/wp-content\/uploads\/2025\/03\/2149133983-300x200.jpg 300w, https:\/\/decoracionesrafa.com\/wp-content\/uploads\/2025\/03\/2149133983-768x511.jpg 768w, https:\/\/decoracionesrafa.com\/wp-content\/uploads\/2025\/03\/2149133983-18x12.jpg 18w, https:\/\/decoracionesrafa.com\/wp-content\/uploads\/2025\/03\/2149133983.jpg 1500w\" sizes=\"(max-width: 800px) 100vw, 800px\" \/>\t\t\t\t\t\t\t\t\t\t\t\t\t\t\t<\/div>\n\t\t\t\t<\/div>\n\t\t\t\t\t<\/div>\n\t\t\t\t<\/div>\n\t\t\t\t\t<\/div>\n\t\t\t\t<\/div>\n\t\t\t\t<section class=\"elementor-section elementor-top-section elementor-element elementor-element-2ee96431 elementor-section-boxed elementor-section-height-default elementor-section-height-default\" data-id=\"2ee96431\" data-element_type=\"section\" data-settings=\"{&quot;background_background&quot;:&quot;classic&quot;}\">\n\t\t\t\t\t\t\t<div class=\"elementor-background-overlay\"><\/div>\n\t\t\t\t\t\t\t<div class=\"elementor-container elementor-column-gap-no\">\n\t\t\t\t\t<div class=\"elementor-column elementor-col-100 elementor-top-column elementor-element elementor-element-5f1a4080\" data-id=\"5f1a4080\" data-element_type=\"column\" data-settings=\"{&quot;background_background&quot;:&quot;classic&quot;}\">\n\t\t\t<div class=\"elementor-widget-wrap elementor-element-populated\">\n\t\t\t\t\t\t<div class=\"elementor-element elementor-element-4c04fdc6 elementor-invisible elementor-widget elementor-widget-heading\" data-id=\"4c04fdc6\" data-element_type=\"widget\" data-settings=\"{&quot;_animation&quot;:&quot;zoomIn&quot;}\" data-widget_type=\"heading.default\">\n\t\t\t\t<div class=\"elementor-widget-container\">\n\t\t\t\t\t<h2 class=\"elementor-heading-title elementor-size-default\">Konpromisorik gabe neurtzen dugu, neurrira egindako gortinak eta estoreak kalitate handienarekin eta zure espaziora egokituta goza ditzazun. <\/h2>\t\t\t\t<\/div>\n\t\t\t\t<\/div>\n\t\t\t\t<div class=\"elementor-element elementor-element-a6cd98e elementor-align-center elementor-invisible elementor-widget elementor-widget-button\" data-id=\"a6cd98e\" data-element_type=\"widget\" data-settings=\"{&quot;_animation&quot;:&quot;zoomIn&quot;}\" data-widget_type=\"button.default\">\n\t\t\t\t<div class=\"elementor-widget-container\">\n\t\t\t\t\t\t\t\t\t<div class=\"elementor-button-wrapper\">\n\t\t\t\t\t<a class=\"elementor-button elementor-button-link elementor-size-sm elementor-animation-hang\" href=\"https:\/\/decoracionesrafa.com\/eu\/contacto\/\">\n\t\t\t\t\t\t<span class=\"elementor-button-content-wrapper\">\n\t\t\t\t\t\t\t\t\t<span class=\"elementor-button-text\">JARRI GUREKIN HARREMANETAN<\/span>\n\t\t\t\t\t<\/span>\n\t\t\t\t\t<\/a>\n\t\t\t\t<\/div>\n\t\t\t\t\t\t\t\t<\/div>\n\t\t\t\t<\/div>\n\t\t\t\t\t<\/div>\n\t\t<\/div>\n\t\t\t\t\t<\/div>\n\t\t<\/section>\n\t\t\t\t<\/div>","protected":false},"excerpt":{"rendered":"<p>Bienvenidos aDecoraciones Rafa sobre nosotros Decoraciones Rafa es una empresa familiar con m\u00e1s de 40 a\u00f1os de experiencia en el sector. Fundada por nuestros padres, hoy seguimos su legado con el mismo compromiso y dedicaci\u00f3n. Mi hermano y yo continuamos ofreciendo a nuestros clientes la calidad y el buen hacer que nos ha caracterizado desde [&hellip;]<\/p>","protected":false},"author":4,"featured_media":0,"parent":0,"menu_order":0,"comment_status":"closed","ping_status":"closed","template":"elementor_canvas","meta":{"footnotes":""},"class_list":["post-941","page","type-page","status-publish","hentry"],"yoast_head":"<!-- This site is optimized with the Yoast SEO plugin v26.4 - https:\/\/yoast.com\/wordpress\/plugins\/seo\/ -->\n<title>Inicio - Decoraciones Rafa<\/title>\n<meta name=\"robots\" content=\"index, follow, max-snippet:-1, max-image-preview:large, max-video-preview:-1\" \/>\n<link rel=\"canonical\" href=\"https:\/\/decoracionesrafa.com\/eu\/\" \/>\n<meta property=\"og:locale\" content=\"en_US\" \/>\n<meta property=\"og:type\" content=\"article\" \/>\n<meta property=\"og:title\" content=\"Inicio - Decoraciones Rafa\" \/>\n<meta property=\"og:description\" content=\"Bienvenidos aDecoraciones Rafa sobre nosotros Decoraciones Rafa es una empresa familiar con m\u00e1s de 40 a\u00f1os de experiencia en el sector. Fundada por nuestros padres, hoy seguimos su legado con el mismo compromiso y dedicaci\u00f3n. Mi hermano y yo continuamos ofreciendo a nuestros clientes la calidad y el buen hacer que nos ha caracterizado desde [&hellip;]\" \/>\n<meta property=\"og:url\" content=\"https:\/\/decoracionesrafa.com\/eu\/\" \/>\n<meta property=\"og:site_name\" content=\"Decoraciones Rafa\" \/>\n<meta property=\"article:modified_time\" content=\"2025-03-27T17:10:48+00:00\" \/>\n<meta property=\"og:image\" content=\"https:\/\/decoracionesrafa.com\/wp-content\/uploads\/2025\/03\/2149133983.jpg\" \/>\n\t<meta property=\"og:image:width\" content=\"1500\" \/>\n\t<meta property=\"og:image:height\" content=\"998\" \/>\n\t<meta property=\"og:image:type\" content=\"image\/jpeg\" \/>\n<meta name=\"twitter:card\" content=\"summary_large_image\" \/>\n<meta name=\"twitter:label1\" content=\"Est. reading time\" \/>\n\t<meta name=\"twitter:data1\" content=\"1 minutua\" \/>\n<script type=\"application\/ld+json\" class=\"yoast-schema-graph\">{\"@context\":\"https:\/\/schema.org\",\"@graph\":[{\"@type\":\"WebPage\",\"@id\":\"https:\/\/decoracionesrafa.com\/\",\"url\":\"https:\/\/decoracionesrafa.com\/\",\"name\":\"Inicio - Decoraciones Rafa\",\"isPartOf\":{\"@id\":\"https:\/\/decoracionesrafa.com\/#website\"},\"primaryImageOfPage\":{\"@id\":\"https:\/\/decoracionesrafa.com\/#primaryimage\"},\"image\":{\"@id\":\"https:\/\/decoracionesrafa.com\/#primaryimage\"},\"thumbnailUrl\":\"https:\/\/decoracionesrafa.com\/wp-content\/uploads\/2025\/03\/2149133983-1024x681.jpg\",\"datePublished\":\"2024-10-17T15:49:26+00:00\",\"dateModified\":\"2025-03-27T17:10:48+00:00\",\"breadcrumb\":{\"@id\":\"https:\/\/decoracionesrafa.com\/#breadcrumb\"},\"inLanguage\":\"eu\",\"potentialAction\":[{\"@type\":\"ReadAction\",\"target\":[\"https:\/\/decoracionesrafa.com\/\"]}]},{\"@type\":\"ImageObject\",\"inLanguage\":\"eu\",\"@id\":\"https:\/\/decoracionesrafa.com\/#primaryimage\",\"url\":\"https:\/\/decoracionesrafa.com\/wp-content\/uploads\/2025\/03\/2149133983-1024x681.jpg\",\"contentUrl\":\"https:\/\/decoracionesrafa.com\/wp-content\/uploads\/2025\/03\/2149133983-1024x681.jpg\"},{\"@type\":\"BreadcrumbList\",\"@id\":\"https:\/\/decoracionesrafa.com\/#breadcrumb\",\"itemListElement\":[{\"@type\":\"ListItem\",\"position\":1,\"name\":\"Portada\",\"item\":\"https:\/\/decoracionesrafa.com\/\"},{\"@type\":\"ListItem\",\"position\":2,\"name\":\"Inicio\"}]},{\"@type\":\"WebSite\",\"@id\":\"https:\/\/decoracionesrafa.com\/#website\",\"url\":\"https:\/\/decoracionesrafa.com\/\",\"name\":\"Decoraciones Rafa\",\"description\":\"Empapelar, moqueta y venta de productos para el hogar.\",\"publisher\":{\"@id\":\"https:\/\/decoracionesrafa.com\/#organization\"},\"potentialAction\":[{\"@type\":\"SearchAction\",\"target\":{\"@type\":\"EntryPoint\",\"urlTemplate\":\"https:\/\/decoracionesrafa.com\/?s={search_term_string}\"},\"query-input\":{\"@type\":\"PropertyValueSpecification\",\"valueRequired\":true,\"valueName\":\"search_term_string\"}}],\"inLanguage\":\"eu\"},{\"@type\":\"Organization\",\"@id\":\"https:\/\/decoracionesrafa.com\/#organization\",\"name\":\"Decoraciones Rafa\",\"url\":\"https:\/\/decoracionesrafa.com\/\",\"logo\":{\"@type\":\"ImageObject\",\"inLanguage\":\"eu\",\"@id\":\"https:\/\/decoracionesrafa.com\/#\/schema\/logo\/image\/\",\"url\":\"https:\/\/decoracionesrafa.com\/wp-content\/uploads\/2025\/03\/cropped-Decoraciones-Rafa.png\",\"contentUrl\":\"https:\/\/decoracionesrafa.com\/wp-content\/uploads\/2025\/03\/cropped-Decoraciones-Rafa.png\",\"width\":427,\"height\":218,\"caption\":\"Decoraciones Rafa\"},\"image\":{\"@id\":\"https:\/\/decoracionesrafa.com\/#\/schema\/logo\/image\/\"}}]}<\/script>\n<!-- \/ Yoast SEO plugin. -->","yoast_head_json":{"title":"Inicio - Decoraciones Rafa","robots":{"index":"index","follow":"follow","max-snippet":"max-snippet:-1","max-image-preview":"max-image-preview:large","max-video-preview":"max-video-preview:-1"},"canonical":"https:\/\/decoracionesrafa.com\/eu\/","og_locale":"en_US","og_type":"article","og_title":"Inicio - Decoraciones Rafa","og_description":"Bienvenidos aDecoraciones Rafa sobre nosotros Decoraciones Rafa es una empresa familiar con m\u00e1s de 40 a\u00f1os de experiencia en el sector. Fundada por nuestros padres, hoy seguimos su legado con el mismo compromiso y dedicaci\u00f3n. Mi hermano y yo continuamos ofreciendo a nuestros clientes la calidad y el buen hacer que nos ha caracterizado desde [&hellip;]","og_url":"https:\/\/decoracionesrafa.com\/eu\/","og_site_name":"Decoraciones Rafa","article_modified_time":"2025-03-27T17:10:48+00:00","og_image":[{"width":1500,"height":998,"url":"https:\/\/decoracionesrafa.com\/wp-content\/uploads\/2025\/03\/2149133983.jpg","type":"image\/jpeg"}],"twitter_card":"summary_large_image","twitter_misc":{"Est. reading time":"1 minutua"},"schema":{"@context":"https:\/\/schema.org","@graph":[{"@type":"WebPage","@id":"https:\/\/decoracionesrafa.com\/","url":"https:\/\/decoracionesrafa.com\/","name":"Inicio - Decoraciones Rafa","isPartOf":{"@id":"https:\/\/decoracionesrafa.com\/#website"},"primaryImageOfPage":{"@id":"https:\/\/decoracionesrafa.com\/#primaryimage"},"image":{"@id":"https:\/\/decoracionesrafa.com\/#primaryimage"},"thumbnailUrl":"https:\/\/decoracionesrafa.com\/wp-content\/uploads\/2025\/03\/2149133983-1024x681.jpg","datePublished":"2024-10-17T15:49:26+00:00","dateModified":"2025-03-27T17:10:48+00:00","breadcrumb":{"@id":"https:\/\/decoracionesrafa.com\/#breadcrumb"},"inLanguage":"eu","potentialAction":[{"@type":"ReadAction","target":["https:\/\/decoracionesrafa.com\/"]}]},{"@type":"ImageObject","inLanguage":"eu","@id":"https:\/\/decoracionesrafa.com\/#primaryimage","url":"https:\/\/decoracionesrafa.com\/wp-content\/uploads\/2025\/03\/2149133983-1024x681.jpg","contentUrl":"https:\/\/decoracionesrafa.com\/wp-content\/uploads\/2025\/03\/2149133983-1024x681.jpg"},{"@type":"BreadcrumbList","@id":"https:\/\/decoracionesrafa.com\/#breadcrumb","itemListElement":[{"@type":"ListItem","position":1,"name":"Portada","item":"https:\/\/decoracionesrafa.com\/"},{"@type":"ListItem","position":2,"name":"Inicio"}]},{"@type":"WebSite","@id":"https:\/\/decoracionesrafa.com\/#website","url":"https:\/\/decoracionesrafa.com\/","name":"Dekorazioak Rafa","description":"Empapelar, moqueta y venta de productos para el hogar.","publisher":{"@id":"https:\/\/decoracionesrafa.com\/#organization"},"potentialAction":[{"@type":"SearchAction","target":{"@type":"EntryPoint","urlTemplate":"https:\/\/decoracionesrafa.com\/?s={search_term_string}"},"query-input":{"@type":"PropertyValueSpecification","valueRequired":true,"valueName":"search_term_string"}}],"inLanguage":"eu"},{"@type":"Organization","@id":"https:\/\/decoracionesrafa.com\/#organization","name":"Dekorazioak Rafa","url":"https:\/\/decoracionesrafa.com\/","logo":{"@type":"ImageObject","inLanguage":"eu","@id":"https:\/\/decoracionesrafa.com\/#\/schema\/logo\/image\/","url":"https:\/\/decoracionesrafa.com\/wp-content\/uploads\/2025\/03\/cropped-Decoraciones-Rafa.png","contentUrl":"https:\/\/decoracionesrafa.com\/wp-content\/uploads\/2025\/03\/cropped-Decoraciones-Rafa.png","width":427,"height":218,"caption":"Decoraciones Rafa"},"image":{"@id":"https:\/\/decoracionesrafa.com\/#\/schema\/logo\/image\/"}}]}},"_links":{"self":[{"href":"https:\/\/decoracionesrafa.com\/eu\/wp-json\/wp\/v2\/pages\/941","targetHints":{"allow":["GET"]}}],"collection":[{"href":"https:\/\/decoracionesrafa.com\/eu\/wp-json\/wp\/v2\/pages"}],"about":[{"href":"https:\/\/decoracionesrafa.com\/eu\/wp-json\/wp\/v2\/types\/page"}],"author":[{"embeddable":true,"href":"https:\/\/decoracionesrafa.com\/eu\/wp-json\/wp\/v2\/users\/4"}],"replies":[{"embeddable":true,"href":"https:\/\/decoracionesrafa.com\/eu\/wp-json\/wp\/v2\/comments?post=941"}],"version-history":[{"count":664,"href":"https:\/\/decoracionesrafa.com\/eu\/wp-json\/wp\/v2\/pages\/941\/revisions"}],"predecessor-version":[{"id":2455,"href":"https:\/\/decoracionesrafa.com\/eu\/wp-json\/wp\/v2\/pages\/941\/revisions\/2455"}],"wp:attachment":[{"href":"https:\/\/decoracionesrafa.com\/eu\/wp-json\/wp\/v2\/media?parent=941"}],"curies":[{"name":"wp","href":"https:\/\/api.w.org\/{rel}","templated":true}]}}